{"id":1258,"date":"2019-11-27T15:56:08","date_gmt":"2019-11-27T14:56:08","guid":{"rendered":"https:\/\/b8l9lwx.myraidbox.de\/?page_id=1258"},"modified":"2024-08-23T08:14:42","modified_gmt":"2024-08-23T06:14:42","slug":"informationen","status":"publish","type":"page","link":"https:\/\/www.bundesarbeitsgericht.de\/en\/ihr-besuch-bei-uns\/die-bibliothek\/informationen\/","title":{"rendered":"Nutzungshinweise"},"content":{"rendered":"","protected":false},"excerpt":{"rendered":"","protected":false},"author":7,"featured_media":871,"parent":1063,"menu_order":0,"comment_status":"closed","ping_status":"closed","template":"","meta":{"_acf_changed":false,"footnotes":""},"class_list":["post-1258","page","type-page","status-publish","has-post-thumbnail","hentry"],"acf":[],"yoast_head":"<title>Nutzungshinweise Bibliothek - Das Bundesarbeitsgericht<\/title>\n<meta name=\"description\" content=\"Die Medien in der Bibliothek sind frei zug\u00e4nglich aufgestellt. Besucherinnen und Besuchern stehen 31 Arbeitspl\u00e4tze zur Verf\u00fcgung.\" \/>\n<meta name=\"robots\" content=\"index, follow, max-snippet:-1, max-image-preview:large, max-video-preview:-1\" \/>\n<link rel=\"canonical\" href=\"https:\/\/www.bundesarbeitsgericht.de\/en\/ihr-besuch-bei-uns\/die-bibliothek\/informationen\/\" \/>\n<meta property=\"og:locale\" content=\"en_US\" \/>\n<meta property=\"og:type\" content=\"article\" \/>\n<meta property=\"og:title\" content=\"Nutzungshinweise Bibliothek - Das Bundesarbeitsgericht\" \/>\n<meta property=\"og:description\" content=\"Die Medien in der Bibliothek sind frei zug\u00e4nglich aufgestellt. Besucherinnen und Besuchern stehen 31 Arbeitspl\u00e4tze zur Verf\u00fcgung.\" \/>\n<meta property=\"og:url\" content=\"https:\/\/www.bundesarbeitsgericht.de\/en\/ihr-besuch-bei-uns\/die-bibliothek\/informationen\/\" \/>\n<meta property=\"og:site_name\" content=\"Das Bundesarbeitsgericht\" \/>\n<meta property=\"article:modified_time\" content=\"2024-08-23T06:14:42+00:00\" \/>\n<meta property=\"og:image\" content=\"https:\/\/www.bundesarbeitsgericht.de\/wp-content\/uploads\/2019\/11\/decisions-banner.jpg\" \/>\n\t<meta property=\"og:image:width\" content=\"1920\" \/>\n\t<meta property=\"og:image:height\" content=\"690\" \/>\n\t<meta property=\"og:image:type\" content=\"image\/jpeg\" \/>\n<meta name=\"twitter:card\" content=\"summary_large_image\" \/>\n<script type=\"application\/ld+json\" class=\"yoast-schema-graph\">{\"@context\":\"https:\/\/schema.org\",\"@graph\":[{\"@type\":\"WebPage\",\"@id\":\"https:\/\/www.bundesarbeitsgericht.de\/en\/ihr-besuch-bei-uns\/die-bibliothek\/informationen\/\",\"url\":\"https:\/\/www.bundesarbeitsgericht.de\/en\/ihr-besuch-bei-uns\/die-bibliothek\/informationen\/\",\"name\":\"Nutzungshinweise Bibliothek - Das Bundesarbeitsgericht\",\"isPartOf\":{\"@id\":\"https:\/\/www.bundesarbeitsgericht.de\/#website\"},\"datePublished\":\"2019-11-27T14:56:08+00:00\",\"dateModified\":\"2024-08-23T06:14:42+00:00\",\"description\":\"Die Medien in der Bibliothek sind frei zug\u00e4nglich aufgestellt. Besucherinnen und Besuchern stehen 31 Arbeitspl\u00e4tze zur Verf\u00fcgung.\",\"breadcrumb\":{\"@id\":\"https:\/\/www.bundesarbeitsgericht.de\/en\/ihr-besuch-bei-uns\/die-bibliothek\/informationen\/#breadcrumb\"},\"inLanguage\":\"en-US\",\"potentialAction\":[{\"@type\":\"ReadAction\",\"target\":[\"https:\/\/www.bundesarbeitsgericht.de\/en\/ihr-besuch-bei-uns\/die-bibliothek\/informationen\/\"]}]},{\"@type\":\"BreadcrumbList\",\"@id\":\"https:\/\/www.bundesarbeitsgericht.de\/en\/ihr-besuch-bei-uns\/die-bibliothek\/informationen\/#breadcrumb\",\"itemListElement\":[{\"@type\":\"ListItem\",\"position\":1,\"name\":\"Start\",\"item\":\"https:\/\/www.bundesarbeitsgericht.de\/en\/\"},{\"@type\":\"ListItem\",\"position\":2,\"name\":\"Ihr Besuch bei uns\",\"item\":\"https:\/\/www.bundesarbeitsgericht.de\/en\/ihr-besuch-bei-uns\/\"},{\"@type\":\"ListItem\",\"position\":3,\"name\":\"Die Bibliothek\",\"item\":\"https:\/\/www.bundesarbeitsgericht.de\/en\/ihr-besuch-bei-uns\/die-bibliothek\/\"},{\"@type\":\"ListItem\",\"position\":4,\"name\":\"Nutzungshinweise\"}]},{\"@type\":\"WebSite\",\"@id\":\"https:\/\/www.bundesarbeitsgericht.de\/#website\",\"url\":\"https:\/\/www.bundesarbeitsgericht.de\/\",\"name\":\"Das Bundesarbeitsgericht\",\"description\":\"Der oberste Gerichtshof f\u00fcr das Gebiet der Arbeitsgerichtsbarkeit\",\"publisher\":{\"@id\":\"https:\/\/www.bundesarbeitsgericht.de\/#organization\"},\"potentialAction\":[{\"@type\":\"SearchAction\",\"target\":{\"@type\":\"EntryPoint\",\"urlTemplate\":\"https:\/\/www.bundesarbeitsgericht.de\/?s={search_term_string}\"},\"query-input\":\"required name=search_term_string\"}],\"inLanguage\":\"en-US\"},{\"@type\":\"Organization\",\"@id\":\"https:\/\/www.bundesarbeitsgericht.de\/#organization\",\"name\":\"The Federal Labour Court\",\"url\":\"https:\/\/www.bundesarbeitsgericht.de\/\",\"logo\":{\"@type\":\"ImageObject\",\"inLanguage\":\"en-US\",\"@id\":\"https:\/\/www.bundesarbeitsgericht.de\/#\/schema\/logo\/image\/\",\"url\":\"https:\/\/www.bundesarbeitsgericht.de\/wp-content\/uploads\/2019\/09\/logo-wide.svg\",\"contentUrl\":\"https:\/\/www.bundesarbeitsgericht.de\/wp-content\/uploads\/2019\/09\/logo-wide.svg\",\"width\":632,\"height\":146,\"caption\":\"The Federal Labour Court\"},\"image\":{\"@id\":\"https:\/\/www.bundesarbeitsgericht.de\/#\/schema\/logo\/image\/\"}}]}<\/script>","yoast_head_json":{"title":"Nutzungshinweise Bibliothek - Das Bundesarbeitsgericht","description":"Die Medien in der Bibliothek sind frei zug\u00e4nglich aufgestellt. Besucherinnen und Besuchern stehen 31 Arbeitspl\u00e4tze zur Verf\u00fcgung.","robots":{"index":"index","follow":"follow","max-snippet":"max-snippet:-1","max-image-preview":"max-image-preview:large","max-video-preview":"max-video-preview:-1"},"canonical":"https:\/\/www.bundesarbeitsgericht.de\/en\/ihr-besuch-bei-uns\/die-bibliothek\/informationen\/","og_locale":"en_US","og_type":"article","og_title":"Nutzungshinweise Bibliothek - Das Bundesarbeitsgericht","og_description":"Die Medien in der Bibliothek sind frei zug\u00e4nglich aufgestellt. Besucherinnen und Besuchern stehen 31 Arbeitspl\u00e4tze zur Verf\u00fcgung.","og_url":"https:\/\/www.bundesarbeitsgericht.de\/en\/ihr-besuch-bei-uns\/die-bibliothek\/informationen\/","og_site_name":"Das Bundesarbeitsgericht","article_modified_time":"2024-08-23T06:14:42+00:00","og_image":[{"width":1920,"height":690,"url":"https:\/\/www.bundesarbeitsgericht.de\/wp-content\/uploads\/2019\/11\/decisions-banner.jpg","type":"image\/jpeg"}],"twitter_card":"summary_large_image","schema":{"@context":"https:\/\/schema.org","@graph":[{"@type":"WebPage","@id":"https:\/\/www.bundesarbeitsgericht.de\/en\/ihr-besuch-bei-uns\/die-bibliothek\/informationen\/","url":"https:\/\/www.bundesarbeitsgericht.de\/en\/ihr-besuch-bei-uns\/die-bibliothek\/informationen\/","name":"Nutzungshinweise Bibliothek - Das Bundesarbeitsgericht","isPartOf":{"@id":"https:\/\/www.bundesarbeitsgericht.de\/#website"},"datePublished":"2019-11-27T14:56:08+00:00","dateModified":"2024-08-23T06:14:42+00:00","description":"Die Medien in der Bibliothek sind frei zug\u00e4nglich aufgestellt. Besucherinnen und Besuchern stehen 31 Arbeitspl\u00e4tze zur Verf\u00fcgung.","breadcrumb":{"@id":"https:\/\/www.bundesarbeitsgericht.de\/en\/ihr-besuch-bei-uns\/die-bibliothek\/informationen\/#breadcrumb"},"inLanguage":"en-US","potentialAction":[{"@type":"ReadAction","target":["https:\/\/www.bundesarbeitsgericht.de\/en\/ihr-besuch-bei-uns\/die-bibliothek\/informationen\/"]}]},{"@type":"BreadcrumbList","@id":"https:\/\/www.bundesarbeitsgericht.de\/en\/ihr-besuch-bei-uns\/die-bibliothek\/informationen\/#breadcrumb","itemListElement":[{"@type":"ListItem","position":1,"name":"Start","item":"https:\/\/www.bundesarbeitsgericht.de\/en\/"},{"@type":"ListItem","position":2,"name":"Ihr Besuch bei uns","item":"https:\/\/www.bundesarbeitsgericht.de\/en\/ihr-besuch-bei-uns\/"},{"@type":"ListItem","position":3,"name":"Die Bibliothek","item":"https:\/\/www.bundesarbeitsgericht.de\/en\/ihr-besuch-bei-uns\/die-bibliothek\/"},{"@type":"ListItem","position":4,"name":"Nutzungshinweise"}]},{"@type":"WebSite","@id":"https:\/\/www.bundesarbeitsgericht.de\/#website","url":"https:\/\/www.bundesarbeitsgericht.de\/","name":"Das Bundesarbeitsgericht","description":"Der oberste Gerichtshof f\u00fcr das Gebiet der Arbeitsgerichtsbarkeit","publisher":{"@id":"https:\/\/www.bundesarbeitsgericht.de\/#organization"},"potentialAction":[{"@type":"SearchAction","target":{"@type":"EntryPoint","urlTemplate":"https:\/\/www.bundesarbeitsgericht.de\/?s={search_term_string}"},"query-input":"required name=search_term_string"}],"inLanguage":"en-US"},{"@type":"Organization","@id":"https:\/\/www.bundesarbeitsgericht.de\/#organization","name":"The Federal Labour Court","url":"https:\/\/www.bundesarbeitsgericht.de\/","logo":{"@type":"ImageObject","inLanguage":"en-US","@id":"https:\/\/www.bundesarbeitsgericht.de\/#\/schema\/logo\/image\/","url":"https:\/\/www.bundesarbeitsgericht.de\/wp-content\/uploads\/2019\/09\/logo-wide.svg","contentUrl":"https:\/\/www.bundesarbeitsgericht.de\/wp-content\/uploads\/2019\/09\/logo-wide.svg","width":632,"height":146,"caption":"The Federal Labour Court"},"image":{"@id":"https:\/\/www.bundesarbeitsgericht.de\/#\/schema\/logo\/image\/"}}]}},"_links":{"self":[{"href":"https:\/\/www.bundesarbeitsgericht.de\/en\/wp-json\/wp\/v2\/pages\/1258","targetHints":{"allow":["GET"]}}],"collection":[{"href":"https:\/\/www.bundesarbeitsgericht.de\/en\/wp-json\/wp\/v2\/pages"}],"about":[{"href":"https:\/\/www.bundesarbeitsgericht.de\/en\/wp-json\/wp\/v2\/types\/page"}],"author":[{"embeddable":true,"href":"https:\/\/www.bundesarbeitsgericht.de\/en\/wp-json\/wp\/v2\/users\/7"}],"replies":[{"embeddable":true,"href":"https:\/\/www.bundesarbeitsgericht.de\/en\/wp-json\/wp\/v2\/comments?post=1258"}],"version-history":[{"count":2,"href":"https:\/\/www.bundesarbeitsgericht.de\/en\/wp-json\/wp\/v2\/pages\/1258\/revisions"}],"predecessor-version":[{"id":1933597,"href":"https:\/\/www.bundesarbeitsgericht.de\/en\/wp-json\/wp\/v2\/pages\/1258\/revisions\/1933597"}],"up":[{"embeddable":true,"href":"https:\/\/www.bundesarbeitsgericht.de\/en\/wp-json\/wp\/v2\/pages\/1063"}],"wp:featuredmedia":[{"embeddable":true,"href":"https:\/\/www.bundesarbeitsgericht.de\/en\/wp-json\/wp\/v2\/media\/871"}],"wp:attachment":[{"href":"https:\/\/www.bundesarbeitsgericht.de\/en\/wp-json\/wp\/v2\/media?parent=1258"}],"curies":[{"name":"wp","href":"https:\/\/api.w.org\/{rel}","templated":true}]}}